{"id":7,"date":"2023-07-03T16:35:34","date_gmt":"2023-07-03T14:35:34","guid":{"rendered":"https:\/\/italyunlocked.film\/?page_id=7"},"modified":"2023-12-13T14:53:18","modified_gmt":"2023-12-13T13:53:18","slug":"we-care","status":"publish","type":"page","link":"https:\/\/italyunlocked.film\/it\/we-care\/","title":{"rendered":"We care"},"content":{"rendered":"\n<div class=\"wp-block-gb-lottiefiles\" style=\"background-color:transparent\"><lottie-player id=\"ecksjuqq\" interactivitytype=\"none\" interactivitymode=\"none\" visibilitystart=\"0\" visibilityend=\"1\" framesstart=\"0\" framesend=\"25\" rest=\"{&quot;autoplay&quot;:true,&quot;loop&quot;:true,&quot;controls&quot;:null}\" totalframes=\"25\" mode=\"normal\" src=\"https:\/\/italyunlocked.film\/wp-content\/uploads\/2023\/07\/wecare_card.json\" speed=\"1\" background=\"transparent\" class=\"lottie-player mx-auto\" style=\"width:300px;height:300px\"><\/lottie-player><\/div>\n\n\n\n<div style=\"height:54px\" aria-hidden=\"true\" class=\"wp-block-spacer\"><\/div>\n\n\n\n<div class=\"wp-block-group\"><div class=\"wp-block-group__inner-container is-layout-constrained wp-block-group-is-layout-constrained\">\n<div class=\"wp-block-columns\">\n<div class=\"wp-block-column\">\n<h2 class=\"wp-block-heading\">TERZO SETTORE<\/h2>\n\n\n\n<h2 class=\"wp-block-heading\"><br>SHAPING TalentS,<\/h2>\n\n\n\n<h2 class=\"wp-block-heading\">Amplifying Stories<\/h2>\n\n\n\n<div style=\"height:72px\" aria-hidden=\"true\" class=\"wp-block-spacer\"><\/div>\n<\/div>\n\n\n\n<div class=\"wp-block-column is-style-paragraph-columns\">\n<p><strong>LA MISSION SOCIALE<\/strong><br><\/p>\n\n\n\n<p>Italy Unlocked possiede il know-how ed il network di settore per agire sul territorio in termini di formazione ad alto valore aggiunto.<\/p>\n\n\n\n<p><strong>1<\/strong> &#8211; Il Global si trasforma in <strong>Glocal <\/strong>: un grande network mondiale multilingue non pu\u00f2 prescindere dalle identit\u00e0 locali, per ciascun nodo di questa grande rete esistono <strong>LE PERSONE,<\/strong> ciascuna con qualcosa di speciale da poter restituire alla comunit\u00e0.<br>Non esiste identit\u00e0 globale senza il rispetto della cultura locale.<br><strong>2<\/strong> &#8211; Occorre restituire ai pi\u00f9 giovani ci\u00f2 che le generazioni presenti e passate hanno loro negato: un&#8217; <strong>idea di futuro<\/strong> ed una piattaforma efficace per costruirlo.<br><strong>3<\/strong> &#8211; L\u2019impresa sociale si occupa di divulgazione e formazione in ambito visivo ponendosi come soggetto che \u201ctraduce\u201d la realt\u00e0 internazionale dell\u2019audiovisivo attraverso <strong>programmi educativi<\/strong> mirati e paternariati rilevanti al fine della mission.<\/p>\n<\/div>\n<\/div>\n\n\n\n<p><\/p>\n<\/div><\/div>\n\n\n\n<div style=\"height:54px\" aria-hidden=\"true\" class=\"wp-block-spacer\"><\/div>\n\n\n<figure class=\"wp-block-video\"><div class=\"iul-player\" data-plyr-provider=\"vimeo\" data-plyr-embed-id=\"https:\/\/vimeo.com\/218938518?share=copy\"><\/div><\/figure>\n\n\n<div style=\"height:4em\" aria-hidden=\"true\" class=\"wp-block-spacer\"><\/div>\n\n\n\n<div class=\"wp-block-group\"><div class=\"wp-block-group__inner-container is-layout-constrained wp-block-group-is-layout-constrained\">\n<div class=\"wp-block-columns\">\n<div class=\"wp-block-column\">\n<h2 class=\"wp-block-heading\">LE COLLABORAZIONI SUL TERRITORIO<\/h2>\n<\/div>\n\n\n\n<div class=\"wp-block-column\">\n<p>Italy Unlocked Srl impresa sociale, dal giorno della sua costituzione, ha intrapreso attivit\u00e0 di gemellaggio, partnership e collaborazione con entit\u00e0 presenti sul territorio. Tra le pi\u00f9 significative:<br><a href=\"http:\/\/www.horcynusorca.it\" target=\"_blank\" rel=\"noreferrer noopener\"><strong>Fondazione Horcynus Orca<\/strong> <\/a><br>Siamo Partner di Horcynus Edu il primo progetto di cinema nelle scuole che ci ha dato la possibilit\u00e0 di avere un link sul territorio per dare vita alla nostra mission di formazione &amp; capacity building. Stiamo ora progettando l\u2019edizione 2024.<br><strong><a href=\"https:\/\/fdcmessina.org\/i-fondatori\/consorzio-sol-e\/\" target=\"_blank\" rel=\"noreferrer noopener\">Consorzio Sol.E<\/a><\/strong> <br>Il consorzio \u00e8 un ecosistema multidisciplinare in cui le aziende del terzo settore contribuiscono alla costruzione del futuro nel sociale. Noi rappresentiamo il punto in cui il cinema si coniuga armoniosamente con i progetti condivisi.<br><strong><a href=\"http:\/\/www.petraevolutiva.it\/\" target=\"_blank\" rel=\"noreferrer noopener\">Simenza<\/a><\/strong> <br>Il rapporto in essere tra il fondatore e divulgatore Giuseppe Li Rosi ed I.U. rappresenta la prima fonte al fine di creare un ecosistema nel quale bio-diversit\u00e0 e cinema si possano e si debbano incontrare. Un link per avere accesso facilitato alle eccellenze della Sicilia agroalimentare. Il primo progetto audiovisivo \u00e8 stato realizzato con Petra Farine, eccellenza internazionale nella commercializzazione di farine di grani antichi con sede a Padova, con essa \u00e8 stata creata una filiera tra le pi\u00f9 virtuose in Italia \u201cadotta un raccolto e la sua farina\u201d<br><strong><a href=\"https:\/\/fdcmessina.org\/beni-culturali\/\" target=\"_blank\" rel=\"noreferrer noopener\">Ecosmedia &#8211; Fondazione Comunit\u00e0 Di Messina<\/a><\/strong> <br>Presente nel territorio come produzione di contenuti sociali, Ecosmedia viene supportata da Italy Unlocked nei casi di difficolt\u00e0 produttive e di esecuzione di taluni progetti in cui \u00e8 necessario un valore aggiunto sia tecnico che sul campo.<\/p>\n<\/div>\n<\/div>\n<\/div><\/div>\n\n\n\n<div class=\"wp-block-group\"><div class=\"wp-block-group__inner-container is-layout-constrained wp-block-group-is-layout-constrained\">\n<div style=\"height:4em\" aria-hidden=\"true\" class=\"wp-block-spacer\"><\/div>\n\n\n\n<div class=\"wp-block-cover is-light is-style-small-cover is-style-rounded-cover\" style=\"min-height:20rem;aspect-ratio:unset;\"><span aria-hidden=\"true\" class=\"wp-block-cover__background has-light-background-color has-background-dim-100 has-background-dim\"><\/span><div class=\"wp-block-cover__inner-container is-layout-flow wp-block-cover-is-layout-flow\">\n<h2 class=\"wp-block-heading has-text-align-center\">DOWNLOAD OUR DOCUMENTS<\/h2>\n\n\n\n<div style=\"height:1.5em\" aria-hidden=\"true\" class=\"wp-block-spacer\"><\/div>\n\n\n\n<div class=\"wp-block-buttons is-content-justification-center is-layout-flex wp-container-core-buttons-is-layout-16018d1d wp-block-buttons-is-layout-flex\">\n<div class=\"wp-block-button\"><a class=\"wp-block-button__link wp-element-button\">Download<\/a><\/div>\n<\/div>\n<\/div><\/div>\n\n\n\n<div style=\"height:4em\" aria-hidden=\"true\" class=\"wp-block-spacer\"><\/div>\n<\/div><\/div>\n","protected":false},"excerpt":{"rendered":"<p>TERZO SETTORE SHAPING TalentS, Amplifying Stories LA MISSION SOCIALE Italy Unlocked possiede il know-how ed il network di settore per agire sul territorio in termini di formazione ad alto valore aggiunto. 1 &#8211; Il Global si trasforma in Glocal : un grande network mondiale multilingue non pu\u00f2 prescindere dalle identit\u00e0 locali, per ciascun nodo di [&hellip;]<\/p>\n","protected":false},"author":1,"featured_media":0,"parent":0,"menu_order":0,"comment_status":"closed","ping_status":"closed","template":"","meta":{"footnotes":""},"class_list":["post-7","page","type-page","status-publish","hentry"],"yoast_head":"<!-- This site is optimized with the Yoast SEO plugin v22.0 - https:\/\/yoast.com\/wordpress\/plugins\/seo\/ -->\n<title>We care - Italy Unlocked<\/title>\n<meta name=\"robots\" content=\"index, follow, max-snippet:-1, max-image-preview:large, max-video-preview:-1\" \/>\n<link rel=\"canonical\" href=\"https:\/\/italyunlocked.film\/it\/we-care\/\" \/>\n<meta property=\"og:locale\" content=\"it_IT\" \/>\n<meta property=\"og:type\" content=\"article\" \/>\n<meta property=\"og:title\" content=\"We care - Italy Unlocked\" \/>\n<meta property=\"og:description\" content=\"TERZO SETTORE SHAPING TalentS, Amplifying Stories LA MISSION SOCIALE Italy Unlocked possiede il know-how ed il network di settore per agire sul territorio in termini di formazione ad alto valore aggiunto. 1 &#8211; Il Global si trasforma in Glocal : un grande network mondiale multilingue non pu\u00f2 prescindere dalle identit\u00e0 locali, per ciascun nodo di [&hellip;]\" \/>\n<meta property=\"og:url\" content=\"https:\/\/italyunlocked.film\/it\/we-care\/\" \/>\n<meta property=\"og:site_name\" content=\"Italy Unlocked\" \/>\n<meta property=\"article:modified_time\" content=\"2023-12-13T13:53:18+00:00\" \/>\n<meta name=\"twitter:card\" content=\"summary_large_image\" \/>\n<meta name=\"twitter:label1\" content=\"Tempo di lettura stimato\" \/>\n\t<meta name=\"twitter:data1\" content=\"3 minuti\" \/>\n<script type=\"application\/ld+json\" class=\"yoast-schema-graph\">{\"@context\":\"https:\/\/schema.org\",\"@graph\":[{\"@type\":\"WebPage\",\"@id\":\"https:\/\/italyunlocked.film\/it\/we-care\/\",\"url\":\"https:\/\/italyunlocked.film\/it\/we-care\/\",\"name\":\"We care - Italy Unlocked\",\"isPartOf\":{\"@id\":\"https:\/\/italyunlocked.film\/it\/#website\"},\"datePublished\":\"2023-07-03T14:35:34+00:00\",\"dateModified\":\"2023-12-13T13:53:18+00:00\",\"breadcrumb\":{\"@id\":\"https:\/\/italyunlocked.film\/it\/we-care\/#breadcrumb\"},\"inLanguage\":\"it-IT\",\"potentialAction\":[{\"@type\":\"ReadAction\",\"target\":[\"https:\/\/italyunlocked.film\/it\/we-care\/\"]}]},{\"@type\":\"BreadcrumbList\",\"@id\":\"https:\/\/italyunlocked.film\/it\/we-care\/#breadcrumb\",\"itemListElement\":[{\"@type\":\"ListItem\",\"position\":1,\"name\":\"Home\",\"item\":\"https:\/\/italyunlocked.film\/it\/\"},{\"@type\":\"ListItem\",\"position\":2,\"name\":\"We care\"}]},{\"@type\":\"WebSite\",\"@id\":\"https:\/\/italyunlocked.film\/it\/#website\",\"url\":\"https:\/\/italyunlocked.film\/it\/\",\"name\":\"Italy Unlocked\",\"description\":\"\",\"publisher\":{\"@id\":\"https:\/\/italyunlocked.film\/it\/#organization\"},\"potentialAction\":[{\"@type\":\"SearchAction\",\"target\":{\"@type\":\"EntryPoint\",\"urlTemplate\":\"https:\/\/italyunlocked.film\/it\/?s={search_term_string}\"},\"query-input\":\"required name=search_term_string\"}],\"inLanguage\":\"it-IT\"},{\"@type\":\"Organization\",\"@id\":\"https:\/\/italyunlocked.film\/it\/#organization\",\"name\":\"Italy Unlocked\",\"url\":\"https:\/\/italyunlocked.film\/it\/\",\"logo\":{\"@type\":\"ImageObject\",\"inLanguage\":\"it-IT\",\"@id\":\"https:\/\/italyunlocked.film\/it\/#\/schema\/logo\/image\/\",\"url\":\"https:\/\/italyunlocked.film\/wp-content\/uploads\/2023\/11\/logo.svg\",\"contentUrl\":\"https:\/\/italyunlocked.film\/wp-content\/uploads\/2023\/11\/logo.svg\",\"width\":1,\"height\":1,\"caption\":\"Italy Unlocked\"},\"image\":{\"@id\":\"https:\/\/italyunlocked.film\/it\/#\/schema\/logo\/image\/\"}}]}<\/script>\n<!-- \/ Yoast SEO plugin. -->","yoast_head_json":{"title":"We care - Italy Unlocked","robots":{"index":"index","follow":"follow","max-snippet":"max-snippet:-1","max-image-preview":"max-image-preview:large","max-video-preview":"max-video-preview:-1"},"canonical":"https:\/\/italyunlocked.film\/it\/we-care\/","og_locale":"it_IT","og_type":"article","og_title":"We care - Italy Unlocked","og_description":"TERZO SETTORE SHAPING TalentS, Amplifying Stories LA MISSION SOCIALE Italy Unlocked possiede il know-how ed il network di settore per agire sul territorio in termini di formazione ad alto valore aggiunto. 1 &#8211; Il Global si trasforma in Glocal : un grande network mondiale multilingue non pu\u00f2 prescindere dalle identit\u00e0 locali, per ciascun nodo di [&hellip;]","og_url":"https:\/\/italyunlocked.film\/it\/we-care\/","og_site_name":"Italy Unlocked","article_modified_time":"2023-12-13T13:53:18+00:00","twitter_card":"summary_large_image","twitter_misc":{"Tempo di lettura stimato":"3 minuti"},"schema":{"@context":"https:\/\/schema.org","@graph":[{"@type":"WebPage","@id":"https:\/\/italyunlocked.film\/it\/we-care\/","url":"https:\/\/italyunlocked.film\/it\/we-care\/","name":"We care - Italy Unlocked","isPartOf":{"@id":"https:\/\/italyunlocked.film\/it\/#website"},"datePublished":"2023-07-03T14:35:34+00:00","dateModified":"2023-12-13T13:53:18+00:00","breadcrumb":{"@id":"https:\/\/italyunlocked.film\/it\/we-care\/#breadcrumb"},"inLanguage":"it-IT","potentialAction":[{"@type":"ReadAction","target":["https:\/\/italyunlocked.film\/it\/we-care\/"]}]},{"@type":"BreadcrumbList","@id":"https:\/\/italyunlocked.film\/it\/we-care\/#breadcrumb","itemListElement":[{"@type":"ListItem","position":1,"name":"Home","item":"https:\/\/italyunlocked.film\/it\/"},{"@type":"ListItem","position":2,"name":"We care"}]},{"@type":"WebSite","@id":"https:\/\/italyunlocked.film\/it\/#website","url":"https:\/\/italyunlocked.film\/it\/","name":"Italy Unlocked","description":"","publisher":{"@id":"https:\/\/italyunlocked.film\/it\/#organization"},"potentialAction":[{"@type":"SearchAction","target":{"@type":"EntryPoint","urlTemplate":"https:\/\/italyunlocked.film\/it\/?s={search_term_string}"},"query-input":"required name=search_term_string"}],"inLanguage":"it-IT"},{"@type":"Organization","@id":"https:\/\/italyunlocked.film\/it\/#organization","name":"Italy Unlocked","url":"https:\/\/italyunlocked.film\/it\/","logo":{"@type":"ImageObject","inLanguage":"it-IT","@id":"https:\/\/italyunlocked.film\/it\/#\/schema\/logo\/image\/","url":"https:\/\/italyunlocked.film\/wp-content\/uploads\/2023\/11\/logo.svg","contentUrl":"https:\/\/italyunlocked.film\/wp-content\/uploads\/2023\/11\/logo.svg","width":1,"height":1,"caption":"Italy Unlocked"},"image":{"@id":"https:\/\/italyunlocked.film\/it\/#\/schema\/logo\/image\/"}}]}},"acf":[],"_links":{"self":[{"href":"https:\/\/italyunlocked.film\/it\/wp-json\/wp\/v2\/pages\/7","targetHints":{"allow":["GET"]}}],"collection":[{"href":"https:\/\/italyunlocked.film\/it\/wp-json\/wp\/v2\/pages"}],"about":[{"href":"https:\/\/italyunlocked.film\/it\/wp-json\/wp\/v2\/types\/page"}],"author":[{"embeddable":true,"href":"https:\/\/italyunlocked.film\/it\/wp-json\/wp\/v2\/users\/1"}],"replies":[{"embeddable":true,"href":"https:\/\/italyunlocked.film\/it\/wp-json\/wp\/v2\/comments?post=7"}],"version-history":[{"count":107,"href":"https:\/\/italyunlocked.film\/it\/wp-json\/wp\/v2\/pages\/7\/revisions"}],"predecessor-version":[{"id":1978,"href":"https:\/\/italyunlocked.film\/it\/wp-json\/wp\/v2\/pages\/7\/revisions\/1978"}],"wp:attachment":[{"href":"https:\/\/italyunlocked.film\/it\/wp-json\/wp\/v2\/media?parent=7"}],"curies":[{"name":"wp","href":"https:\/\/api.w.org\/{rel}","templated":true}]}}